{"id":87,"date":"2026-03-03T16:30:34","date_gmt":"2026-03-03T15:30:34","guid":{"rendered":"https:\/\/wydajemisie.pl\/?page_id=87"},"modified":"2026-03-05T00:05:50","modified_gmt":"2026-03-04T23:05:50","slug":"o-wydawnictwie","status":"publish","type":"page","link":"https:\/\/wydajemisie.pl\/?page_id=87","title":{"rendered":"O wydawnictwie"},"content":{"rendered":"\n<p class=\"has-ast-global-color-2-color has-text-color has-link-color wp-elements-bfc3b98bc9115a7de9df08861a551719\" style=\"margin-top:var(--wp--preset--spacing--60);margin-bottom:var(--wp--preset--spacing--60)\"><strong>Wydaje mi si\u0119, \u017ce ka\u017cdy z nas pisze ksi\u0105\u017ck\u0119<\/strong> \u2013 t\u0119 najwa\u017cniejsz\u0105, o w\u0142asnym \u017cyciu, czasem o wychodzeniu z mroku i szukaniu si\u0142y tam, gdzie nikt inny jej nie widzi.<\/p>\n\n\n\n<p class=\"has-ast-global-color-2-color has-text-color has-link-color wp-elements-08cf8b5f0db0153b5ee1ae8666a1c094\">Moje wydawnictwo powsta\u0142o z potrzeby odrzucenia tego, co zb\u0119dne. W \u015bwiecie pe\u0142nym ha\u0142asu i lukrowanych recept na szcz\u0119\u015bcie, stawiam na to, co zostaje, gdy zgasn\u0105 \u015bwiat\u0142a: na prawd\u0119, cichy up\u00f3r i autentyczno\u015b\u0107. Redakcja to przede wszystkim redukcja, troch\u0119 jak zdejmowanie z prawdy kolejnych warstw \u017cycia, kt\u00f3re j\u0105 przykry\u0142y.<\/p>\n\n\n\n<h1 class=\"wp-block-heading has-ast-global-color-2-color has-text-color has-link-color wp-elements-5eff916d9b5e41b0f8daeb0d71b8a3e3\">Dlaczego tutaj jeste\u015b?<\/h1>\n\n\n\n<p class=\"has-ast-global-color-2-color has-text-color has-link-color wp-elements-689911d0ba306510764a6fa9641342a4\">Nie oferuj\u0119 gotowych szablon\u00f3w na idealne \u017cycie. Oferuj\u0119 narz\u0119dzia dla tych, kt\u00f3rzy:<\/p>\n\n\n\n<ul class=\"wp-block-list\">\n<li class=\"has-ast-global-color-2-color has-text-color has-link-color wp-elements-5db7ca8b9fcd58e536908810aa57bf9d\">Chc\u0105 zosta\u0107 zobaczeni, us\u0142yszani&#8230;bez oceniania. <\/li>\n\n\n\n<li class=\"has-ast-global-color-2-color has-text-color has-link-color wp-elements-8e6d757e0ecc90c5351c62fa51cf486e\">Szukaj\u0105 wsparcia, kt\u00f3re nie krzyczy, ale spokojnie o\u015bwietla drog\u0119.<\/li>\n\n\n\n<li class=\"has-ast-global-color-2-color has-text-color has-link-color wp-elements-aa1f48bb5ea388ebbb9b6eb1fe330c55\">Wiedz\u0105, \u017ce czasem najwa\u017cniejszym krokiem jest po prostu przyznanie: \u201eWydaje mi si\u0119, \u017ce potrzebuj\u0119 zmiany\u201d.<\/li>\n<\/ul>\n\n\n\n<h1 class=\"wp-block-heading has-ast-global-color-2-color has-text-color has-link-color wp-elements-e55c9a9bfbc5de14441a69516572b3a4\">Moja misja<\/h1>\n\n\n\n<p class=\"has-ast-global-color-2-color has-text-color has-link-color wp-elements-4bb0ba5c74b88fc71b32be2fd7748844\">Moje e-booki i fiszki to efekt nocnych przemy\u015ble\u0144 i setek wypitych kaw. Tworz\u0119 je w formie self-publishingu, bo wierz\u0119 w bezpo\u015bredni\u0105 relacj\u0119. Ty \u201estawiasz mi kaw\u0119\u201d, a ja oddaj\u0119 w Twoje r\u0119ce esencj\u0119 moich do\u015bwiadcze\u0144 \u2013 bez po\u015brednik\u00f3w, bez cenzury, bez zb\u0119dnych s\u0142\u00f3w. <\/p>\n\n\n\n<p class=\"has-ast-global-color-1-color has-text-color has-link-color wp-elements-2014f2d76d4c5a93328dc4ebfc9d3558\">&#8230;a mo\u017ce kiedy\u015b podziel\u0119 si\u0119 ze \u015bwiatem tak\u017ce moj\u0105 poezj\u0105<\/p>\n\n\n\n<p class=\"has-ast-global-color-2-color has-text-color has-link-color wp-elements-6c75df864ee4afe1625417c4aae3408c\"><strong>Bo przecie\u017c ka\u017cda wielka zmiana zaczyna si\u0119 od jednego zdania. Napiszmy je razem.<\/strong><\/p>\n\n\n\n<p><\/p>\n","protected":false},"excerpt":{"rendered":"<p>Wydaje mi si\u0119, \u017ce ka\u017cdy z nas pisze ksi\u0105\u017ck\u0119 \u2013 t\u0119 najwa\u017cniejsz\u0105, o w\u0142asnym \u017cyciu, czasem o wychodzeniu z mroku [&hellip;]<\/p>\n","protected":false},"author":1,"featured_media":0,"parent":0,"menu_order":0,"comment_status":"closed","ping_status":"closed","template":"","meta":{"site-sidebar-layout":"default","site-content-layout":"","ast-site-content-layout":"default","site-content-style":"default","site-sidebar-style":"default","ast-global-header-display":"","ast-banner-title-visibility":"","ast-main-header-display":"","ast-hfb-above-header-display":"","ast-hfb-below-header-display":"","ast-hfb-mobile-header-display":"","site-post-title":"disabled","ast-breadcrumbs-content":"","ast-featured-img":"","footer-sml-layout":"","ast-disable-related-posts":"","theme-transparent-header-meta":"disabled","adv-header-id-meta":"","stick-header-meta":"","header-above-stick-meta":"","header-main-stick-meta":"","header-below-stick-meta":"","astra-migrate-meta-layouts":"default","ast-page-background-enabled":"default","ast-page-background-meta":{"desktop":{"background-color":"var(--ast-global-color-5)","background-image":"","background-repeat":"repeat","background-position":"center center","background-size":"auto","background-attachment":"scroll","background-type":"","background-media":"","overlay-type":"","overlay-color":"","overlay-opacity":"","overlay-gradient":""},"tablet":{"background-color":"","background-image":"","background-repeat":"repeat","background-position":"center center","background-size":"auto","background-attachment":"scroll","background-type":"","background-media":"","overlay-type":"","overlay-color":"","overlay-opacity":"","overlay-gradient":""},"mobile":{"background-color":"","background-image":"","background-repeat":"repeat","background-position":"center center","background-size":"auto","background-attachment":"scroll","background-type":"","background-media":"","overlay-type":"","overlay-color":"","overlay-opacity":"","overlay-gradient":""}},"ast-content-background-meta":{"desktop":{"background-color":"var(--ast-global-color-4)","background-image":"","background-repeat":"repeat","background-position":"center center","background-size":"auto","background-attachment":"scroll","background-type":"","background-media":"","overlay-type":"","overlay-color":"","overlay-opacity":"","overlay-gradient":""},"tablet":{"background-color":"var(--ast-global-color-4)","background-image":"","background-repeat":"repeat","background-position":"center center","background-size":"auto","background-attachment":"scroll","background-type":"","background-media":"","overlay-type":"","overlay-color":"","overlay-opacity":"","overlay-gradient":""},"mobile":{"background-color":"var(--ast-global-color-4)","background-image":"","background-repeat":"repeat","background-position":"center center","background-size":"auto","background-attachment":"scroll","background-type":"","background-media":"","overlay-type":"","overlay-color":"","overlay-opacity":"","overlay-gradient":""}},"footnotes":""},"class_list":["post-87","page","type-page","status-publish","hentry"],"_links":{"self":[{"href":"https:\/\/wydajemisie.pl\/index.php?rest_route=\/wp\/v2\/pages\/87","targetHints":{"allow":["GET"]}}],"collection":[{"href":"https:\/\/wydajemisie.pl\/index.php?rest_route=\/wp\/v2\/pages"}],"about":[{"href":"https:\/\/wydajemisie.pl\/index.php?rest_route=\/wp\/v2\/types\/page"}],"author":[{"embeddable":true,"href":"https:\/\/wydajemisie.pl\/index.php?rest_route=\/wp\/v2\/users\/1"}],"replies":[{"embeddable":true,"href":"https:\/\/wydajemisie.pl\/index.php?rest_route=%2Fwp%2Fv2%2Fcomments&post=87"}],"version-history":[{"count":14,"href":"https:\/\/wydajemisie.pl\/index.php?rest_route=\/wp\/v2\/pages\/87\/revisions"}],"predecessor-version":[{"id":165,"href":"https:\/\/wydajemisie.pl\/index.php?rest_route=\/wp\/v2\/pages\/87\/revisions\/165"}],"wp:attachment":[{"href":"https:\/\/wydajemisie.pl\/index.php?rest_route=%2Fwp%2Fv2%2Fmedia&parent=87"}],"curies":[{"name":"wp","href":"https:\/\/api.w.org\/{rel}","templated":true}]}}